{"id":893,"date":"2026-02-08T20:56:15","date_gmt":"2026-02-08T18:56:15","guid":{"rendered":"https:\/\/ayan.sk\/?page_id=893"},"modified":"2026-02-08T20:56:17","modified_gmt":"2026-02-08T18:56:17","slug":"prednasky-a-vzdelavacie-aktivity","status":"publish","type":"page","link":"https:\/\/ayan.sk\/en\/prednasky-a-vzdelavacie-aktivity\/","title":{"rendered":"Predn\u00e1\u0161ky a vzdel\u00e1vacie aktivity"},"content":{"rendered":"","protected":false},"excerpt":{"rendered":"","protected":false},"author":2,"featured_media":0,"parent":0,"menu_order":0,"comment_status":"closed","ping_status":"closed","template":"","meta":{"_acf_changed":false,"ngg_post_thumbnail":0,"footnotes":""},"class_list":["post-893","page","type-page","status-publish","hentry"],"acf":[],"mb":[],"mfb_rest_fields":["title"],"_links":{"self":[{"href":"https:\/\/ayan.sk\/en\/wp-json\/wp\/v2\/pages\/893","targetHints":{"allow":["GET"]}}],"collection":[{"href":"https:\/\/ayan.sk\/en\/wp-json\/wp\/v2\/pages"}],"about":[{"href":"https:\/\/ayan.sk\/en\/wp-json\/wp\/v2\/types\/page"}],"author":[{"embeddable":true,"href":"https:\/\/ayan.sk\/en\/wp-json\/wp\/v2\/users\/2"}],"replies":[{"embeddable":true,"href":"https:\/\/ayan.sk\/en\/wp-json\/wp\/v2\/comments?post=893"}],"version-history":[{"count":1,"href":"https:\/\/ayan.sk\/en\/wp-json\/wp\/v2\/pages\/893\/revisions"}],"predecessor-version":[{"id":894,"href":"https:\/\/ayan.sk\/en\/wp-json\/wp\/v2\/pages\/893\/revisions\/894"}],"wp:attachment":[{"href":"https:\/\/ayan.sk\/en\/wp-json\/wp\/v2\/media?parent=893"}],"curies":[{"name":"wp","href":"https:\/\/api.w.org\/{rel}","templated":true}]}}