{"id":773,"date":"2025-09-15T19:13:56","date_gmt":"2025-09-15T19:13:56","guid":{"rendered":"https:\/\/ayan.sk\/?page_id=773"},"modified":"2026-01-05T11:05:11","modified_gmt":"2026-01-05T09:05:11","slug":"center-gallery","status":"publish","type":"page","link":"https:\/\/ayan.sk\/en\/center-gallery\/","title":{"rendered":"Centrum &#8211; gal\u00e9ria"},"content":{"rendered":"<p class=\"has-primary-color has-text-color has-base-font-size\" style=\"font-style:normal;font-weight:500\"><strong><strong><strong>Interi\u00e9r<\/strong><\/strong><\/strong><\/p>\n\n\n\nngg_shortcode_0_placeholder\n\n\n\n<p class=\"has-primary-color has-text-color has-base-font-size\" style=\"font-style:normal;font-weight:500\"><strong><strong><strong>Exteri\u00e9r<\/strong><\/strong><\/strong><\/p>\n\n\n\nngg_shortcode_1_placeholder\n\n\n\n<p><\/p>\n\n\n\n<p><strong><mark style=\"background-color:rgba(0, 0, 0, 0)\" class=\"has-inline-color has-primary-color\">Kuchy\u0148a<\/mark><\/strong><\/p>\n\n\n\nngg_shortcode_2_placeholder","protected":false},"excerpt":{"rendered":"<p>Interi\u00e9r Exteri\u00e9r Kuchy\u0148a<\/p>","protected":false},"author":1,"featured_media":0,"parent":0,"menu_order":0,"comment_status":"closed","ping_status":"closed","template":"","meta":{"_acf_changed":false,"ngg_post_thumbnail":0,"footnotes":""},"class_list":["post-773","page","type-page","status-publish","hentry"],"acf":[],"mb":[],"mfb_rest_fields":["title"],"_links":{"self":[{"href":"https:\/\/ayan.sk\/en\/wp-json\/wp\/v2\/pages\/773","targetHints":{"allow":["GET"]}}],"collection":[{"href":"https:\/\/ayan.sk\/en\/wp-json\/wp\/v2\/pages"}],"about":[{"href":"https:\/\/ayan.sk\/en\/wp-json\/wp\/v2\/types\/page"}],"author":[{"embeddable":true,"href":"https:\/\/ayan.sk\/en\/wp-json\/wp\/v2\/users\/1"}],"replies":[{"embeddable":true,"href":"https:\/\/ayan.sk\/en\/wp-json\/wp\/v2\/comments?post=773"}],"version-history":[{"count":16,"href":"https:\/\/ayan.sk\/en\/wp-json\/wp\/v2\/pages\/773\/revisions"}],"predecessor-version":[{"id":875,"href":"https:\/\/ayan.sk\/en\/wp-json\/wp\/v2\/pages\/773\/revisions\/875"}],"wp:attachment":[{"href":"https:\/\/ayan.sk\/en\/wp-json\/wp\/v2\/media?parent=773"}],"curies":[{"name":"wp","href":"https:\/\/api.w.org\/{rel}","templated":true}]}}