{"id":505,"date":"2025-06-27T01:14:40","date_gmt":"2025-06-27T01:14:40","guid":{"rendered":"https:\/\/ayan.sk\/?page_id=505"},"modified":"2025-07-04T19:57:39","modified_gmt":"2025-07-04T19:57:39","slug":"documents","status":"publish","type":"page","link":"https:\/\/ayan.sk\/en\/documents\/","title":{"rendered":"Documents"},"content":{"rendered":"<div class=\"wp-block-cover alignfull is-style-default\" style=\"padding-top:0;padding-bottom:0\"><img loading=\"lazy\" decoding=\"async\" width=\"1707\" height=\"2560\" class=\"wp-block-cover__image-background wp-image-710 size-full\" alt=\"\" src=\"https:\/\/ayan.sk\/wp-content\/uploads\/2025\/07\/pexels-sakaryaze-18453455-scaled.jpg\" style=\"object-position:39% 65%\" data-object-fit=\"cover\" data-object-position=\"39% 65%\" srcset=\"https:\/\/ayan.sk\/wp-content\/uploads\/2025\/07\/pexels-sakaryaze-18453455-scaled.jpg 1707w, https:\/\/ayan.sk\/wp-content\/uploads\/2025\/07\/pexels-sakaryaze-18453455-200x300.jpg 200w, https:\/\/ayan.sk\/wp-content\/uploads\/2025\/07\/pexels-sakaryaze-18453455-683x1024.jpg 683w, https:\/\/ayan.sk\/wp-content\/uploads\/2025\/07\/pexels-sakaryaze-18453455-768x1152.jpg 768w, https:\/\/ayan.sk\/wp-content\/uploads\/2025\/07\/pexels-sakaryaze-18453455-1024x1536.jpg 1024w, https:\/\/ayan.sk\/wp-content\/uploads\/2025\/07\/pexels-sakaryaze-18453455-1365x2048.jpg 1365w, https:\/\/ayan.sk\/wp-content\/uploads\/2025\/07\/pexels-sakaryaze-18453455-8x12.jpg 8w\" sizes=\"auto, (max-width: 1707px) 100vw, 1707px\" \/><span aria-hidden=\"true\" class=\"wp-block-cover__background has-primary-background-color has-background-dim-20 has-background-dim\"><\/span><div class=\"wp-block-cover__inner-container is-layout-flow wp-container-core-cover-is-layout-92d440f1 wp-block-cover-is-layout-flow\">\n<p class=\"has-text-align-center has-large-font-size\"><\/p>\n<\/div><\/div>\n\n\n\n<div class=\"wp-block-columns alignfull is-layout-flex wp-container-core-columns-is-layout-28f84493 wp-block-columns-is-layout-flex\">\n<div class=\"wp-block-column is-layout-flow wp-block-column-is-layout-flow\" style=\"flex-basis:33.33%\">\n<h2 class=\"wp-block-heading has-text-align-center has-main-color has-text-color has-link-color wp-elements-ebb7d5413661c5f510fdb1e6b4e65a85\" style=\"margin-bottom:var(--wp--preset--spacing--large)\">Dokumenty nad\u00e1cie<\/h2>\n\n\n\n<p class=\"has-text-align-center has-medium-font-size\" style=\"padding-right:var(--wp--preset--spacing--medium);padding-left:var(--wp--preset--spacing--medium)\"><strong>Vitajte v sekcii dokumentov nad\u00e1cie. Tu n\u00e1jdete niektor\u00e9 z\u00e1kladn\u00e9 dokumenty nad\u00e1cie AYA, ale aj niektor\u00e9 formul\u00e1re, ktor\u00e9 sa t\u00fdkaj\u00fa \u010dinnosti nad\u00e1cie.<\/strong><\/p>\n\n\n\n<p class=\"has-text-align-center\" style=\"padding-right:var(--wp--preset--spacing--xx-large);padding-left:var(--wp--preset--spacing--xx-large)\">Po kliknut\u00ed na pr\u00edslu\u0161n\u00fd n\u00e1zov, sa v\u00e1m zobraz\u00ed obsah dokumentu alebo tla\u010diva.<\/p>\n<\/div>\n\n\n\n<div class=\"wp-block-column is-layout-flow wp-block-column-is-layout-flow\" style=\"flex-basis:66.66%\">\n<div class=\"wp-block-group has-global-padding is-content-justification-left is-layout-constrained wp-container-core-group-is-layout-3540e7cd wp-block-group-is-layout-constrained\">\n<h2 class=\"wp-block-heading has-primary-color has-text-color has-link-color wp-elements-ec79d1b78782af270293c24b61d4108a\" style=\"margin-top:0;margin-bottom:var(--wp--preset--spacing--medium)\">Dokumenty:<\/h2>\n\n\n\n<div class=\"wp-block-buttons is-layout-flex wp-container-core-buttons-is-layout-9948fc23 wp-block-buttons-is-layout-flex\" style=\"margin-bottom:var(--wp--preset--spacing--small);padding-right:var(--wp--preset--spacing--large);padding-left:var(--wp--preset--spacing--large)\">\n<div class=\"wp-block-button has-custom-width wp-block-button__width-100 is-style-button-brand is-style-button-brand--1\"><a class=\"wp-block-button__link wp-element-button\" href=\"https:\/\/ayan.sk\/wp-content\/uploads\/2025\/07\/AYA-registration.pdf\">V\u00fdpis z registra nad\u00e1cii Ministerstva vn\u00fatra Slovenskej republiky<\/a><\/div>\n\n\n\n<div class=\"wp-block-button has-custom-width wp-block-button__width-100 is-style-button-brand is-style-button-brand--2\"><a class=\"wp-block-button__link wp-element-button\" href=\"https:\/\/ayan.sk\/wp-content\/uploads\/2025\/07\/Ochrana-osobnych-udajov-nadacia-AYA-03072025.pdf\">Z\u00e1sady ochrany osobn\u00fdch \u00fadajov.<\/a><\/div>\n<\/div>\n\n\n\n<div class=\"wp-block-buttons is-layout-flex wp-container-core-buttons-is-layout-84ba7548 wp-block-buttons-is-layout-flex\" style=\"margin-top:var(--wp--preset--spacing--medium);margin-bottom:var(--wp--preset--spacing--medium);padding-right:var(--wp--preset--spacing--large);padding-left:var(--wp--preset--spacing--large)\">\n<div class=\"wp-block-button has-custom-width wp-block-button__width-100 is-style-button-brand is-style-button-brand--3\"><a class=\"wp-block-button__link has-secondary-background-color has-background wp-element-button\">Nada\u010dn\u00e1 listina \u2013 je fyzicky k nadhliadnutiu v Centre AYA<\/a><\/div>\n<\/div>\n\n\n\n<hr class=\"wp-block-separator has-alpha-channel-opacity\" style=\"margin-top:var(--wp--preset--spacing--large);margin-bottom:var(--wp--preset--spacing--large)\"\/>\n\n\n\n<h2 class=\"wp-block-heading has-primary-color has-text-color has-link-color wp-elements-ddf7ade03af1eb0cd7bb8904e2602b9f\" style=\"margin-bottom:var(--wp--preset--spacing--large)\">Formul\u00e1re:<\/h2>\n\n\n\n<div class=\"wp-block-buttons is-layout-flex wp-container-core-buttons-is-layout-0272ae56 wp-block-buttons-is-layout-flex\" style=\"margin-top:0;margin-bottom:0;padding-top:0;padding-right:var(--wp--preset--spacing--large);padding-bottom:0;padding-left:var(--wp--preset--spacing--large)\">\n<div class=\"wp-block-button has-custom-width wp-block-button__width-100 is-style-button-brand is-style-button-brand--4\"><a class=\"wp-block-button__link wp-element-button\" href=\"https:\/\/ayan.sk\/wp-content\/uploads\/2025\/07\/Zapojenie-sa-do-cinnosti-nadacie-AYA-03072025.docx\">Formul\u00e1r na zapojenie sa do \u010dinnosti Nad\u00e1cie AYA<\/a><\/div>\n<\/div>\n\n\n\n<p class=\"has-small-font-size\">(ak formul\u00e1r nechcete posiela\u0165 online, m\u00f4\u017eete ho vyplni\u0165 fyzicky pri prvom zapojen\u00ed sa do \u010dinnosti),<\/p>\n\n\n\n<div class=\"wp-block-buttons is-layout-flex wp-container-core-buttons-is-layout-5c083116 wp-block-buttons-is-layout-flex\" style=\"margin-top:var(--wp--preset--spacing--medium);margin-bottom:0;padding-top:0;padding-right:var(--wp--preset--spacing--large);padding-bottom:0;padding-left:var(--wp--preset--spacing--large)\">\n<div class=\"wp-block-button has-custom-width wp-block-button__width-100 is-style-button-brand is-style-button-brand--5\"><a class=\"wp-block-button__link has-secondary-background-color has-background wp-element-button\">V pr\u00edpade, ak by Ste chceli darova\u0165 sumu 5000,- Eur a viac, sme zo z\u00e1kona povinn\u00ed po\u017eiada\u0165 v\u00e1s o jednor\u00e1zov\u00e9 vyplnenie \u00faplne kr\u00e1tkeho formul\u00e1ra, ktor\u00fd V\u00e1m za\u0161leme mailom.<\/a><\/div>\n<\/div>\n<\/div>\n<\/div>\n<\/div>\n\n\n\n<div style=\"height:100px\" aria-hidden=\"true\" class=\"wp-block-spacer\"><\/div>","protected":false},"excerpt":{"rendered":"<p>Dokumenty nad\u00e1cie Vitajte v sekcii dokumentov nad\u00e1cie. Tu n\u00e1jdete niektor\u00e9 z\u00e1kladn\u00e9 dokumenty nad\u00e1cie AYA, ale aj niektor\u00e9 formul\u00e1re, ktor\u00e9 sa t\u00fdkaj\u00fa \u010dinnosti nad\u00e1cie. Po kliknut\u00ed na pr\u00edslu\u0161n\u00fd n\u00e1zov, sa v\u00e1m zobraz\u00ed obsah dokumentu alebo tla\u010diva. Dokumenty: Formul\u00e1re: (ak formul\u00e1r nechcete posiela\u0165 online, m\u00f4\u017eete ho vyplni\u0165 fyzicky pri prvom zapojen\u00ed sa do \u010dinnosti),<\/p>","protected":false},"author":1,"featured_media":0,"parent":0,"menu_order":0,"comment_status":"closed","ping_status":"closed","template":"page-no-title","meta":{"_acf_changed":false,"ngg_post_thumbnail":0,"footnotes":""},"class_list":["post-505","page","type-page","status-publish","hentry"],"acf":[],"mb":[],"mfb_rest_fields":["title"],"_links":{"self":[{"href":"https:\/\/ayan.sk\/en\/wp-json\/wp\/v2\/pages\/505","targetHints":{"allow":["GET"]}}],"collection":[{"href":"https:\/\/ayan.sk\/en\/wp-json\/wp\/v2\/pages"}],"about":[{"href":"https:\/\/ayan.sk\/en\/wp-json\/wp\/v2\/types\/page"}],"author":[{"embeddable":true,"href":"https:\/\/ayan.sk\/en\/wp-json\/wp\/v2\/users\/1"}],"replies":[{"embeddable":true,"href":"https:\/\/ayan.sk\/en\/wp-json\/wp\/v2\/comments?post=505"}],"version-history":[{"count":40,"href":"https:\/\/ayan.sk\/en\/wp-json\/wp\/v2\/pages\/505\/revisions"}],"predecessor-version":[{"id":764,"href":"https:\/\/ayan.sk\/en\/wp-json\/wp\/v2\/pages\/505\/revisions\/764"}],"wp:attachment":[{"href":"https:\/\/ayan.sk\/en\/wp-json\/wp\/v2\/media?parent=505"}],"curies":[{"name":"wp","href":"https:\/\/api.w.org\/{rel}","templated":true}]}}