{"id":489,"date":"2025-06-27T00:22:16","date_gmt":"2025-06-27T00:22:16","guid":{"rendered":"https:\/\/ayan.sk\/?page_id=489"},"modified":"2026-02-12T22:42:23","modified_gmt":"2026-02-12T20:42:23","slug":"get-involved","status":"publish","type":"page","link":"https:\/\/ayan.sk\/en\/get-involved\/","title":{"rendered":"Get Involved"},"content":{"rendered":"<div class=\"wp-block-cover alignfull is-style-default\" style=\"padding-top:0;padding-bottom:0\"><img loading=\"lazy\" decoding=\"async\" width=\"2560\" height=\"1440\" class=\"wp-block-cover__image-background wp-image-403 size-full\" alt=\"\" src=\"https:\/\/ayan.sk\/wp-content\/uploads\/2025\/06\/martin-katler-8rtZkhmqsN4-unsplash-1-scaled.jpg\" data-object-fit=\"cover\" srcset=\"https:\/\/ayan.sk\/wp-content\/uploads\/2025\/06\/martin-katler-8rtZkhmqsN4-unsplash-1-scaled.jpg 2560w, https:\/\/ayan.sk\/wp-content\/uploads\/2025\/06\/martin-katler-8rtZkhmqsN4-unsplash-1-300x169.jpg 300w, https:\/\/ayan.sk\/wp-content\/uploads\/2025\/06\/martin-katler-8rtZkhmqsN4-unsplash-1-1024x576.jpg 1024w, https:\/\/ayan.sk\/wp-content\/uploads\/2025\/06\/martin-katler-8rtZkhmqsN4-unsplash-1-768x432.jpg 768w, https:\/\/ayan.sk\/wp-content\/uploads\/2025\/06\/martin-katler-8rtZkhmqsN4-unsplash-1-1536x864.jpg 1536w, https:\/\/ayan.sk\/wp-content\/uploads\/2025\/06\/martin-katler-8rtZkhmqsN4-unsplash-1-2048x1152.jpg 2048w, https:\/\/ayan.sk\/wp-content\/uploads\/2025\/06\/martin-katler-8rtZkhmqsN4-unsplash-1-18x10.jpg 18w\" sizes=\"auto, (max-width: 2560px) 100vw, 2560px\" \/><span aria-hidden=\"true\" class=\"wp-block-cover__background has-primary-background-color has-background-dim-40 has-background-dim\"><\/span><div class=\"wp-block-cover__inner-container is-layout-flow wp-container-core-cover-is-layout-92d440f1 wp-block-cover-is-layout-flow\">\n<p class=\"has-text-align-center has-large-font-size\"><\/p>\n<\/div><\/div>\n\n\n\n<div class=\"wp-block-columns alignfull is-layout-flex wp-container-core-columns-is-layout-28f84493 wp-block-columns-is-layout-flex\">\n<div class=\"wp-block-column is-layout-flow wp-block-column-is-layout-flow\" style=\"flex-basis:33.33%\">\n<h2 class=\"wp-block-heading has-text-align-center\">Podporte na\u0161u \u010dinnos\u0165.<\/h2>\n<\/div>\n\n\n\n<div class=\"wp-block-column is-layout-flow wp-block-column-is-layout-flow\" style=\"padding-right:var(--wp--preset--spacing--xxx-large);padding-left:0;flex-basis:66.66%\">\n<div class=\"wp-block-group has-global-padding is-content-justification-left is-layout-constrained wp-container-core-group-is-layout-12dd3699 wp-block-group-is-layout-constrained\">\n<p style=\"padding-left:var(--wp--preset--spacing--medium)\">Za uplynul\u00e9 obdobie sa niektor\u00ed muslimovia naplno alebo \u010diasto\u010dne anga\u017eovali na \u010dinnosti nad\u00e1cie AYA a dokon\u010denie Centra AYA. Obe tieto \u010dinnosti znamenali vynalo\u017eenie ve\u013ek\u00e9ho \u00fasilia, n\u00e1mahy a \u010dasu.<br><\/p>\n\n\n\n<p style=\"padding-left:var(--wp--preset--spacing--medium)\">Skuto\u010dnos\u0165, \u017ee sa (hlavne v\u010faka Bohu) podarilo dotiahnu\u0165 obe z\u00e1kladn\u00e9 z\u00e1le\u017eitosti do konca, aby mohli fungova\u0165 riadne, je ve\u013emi dobr\u00fdm za\u010diatkom. Je to ale len za\u010diatok. Na \u010fal\u0161iu \u010dinnos\u0165 potrebujeme pomoc v dvojakej forme:<\/p>\n\n\n\n<ul style=\"padding-right:0;padding-left:var(--wp--preset--spacing--large)\" class=\"wp-block-list\">\n<li><strong>Pomoc osobnou \u010dinnos\u0165ou \u013eud\u00ed<\/strong><\/li>\n\n\n\n<li><strong>Pomoc v podobe finan\u010dnej podpory \u010dinnosti Nad\u00e1cie AYA a Centra AYA<\/strong><\/li>\n\n\n\n<li><strong>Pomoc v podobe sp\u00e4tnej v\u00e4zby<\/strong><\/li>\n<\/ul>\n<\/div>\n<\/div>\n<\/div>\n\n\n\n<div class=\"wp-block-group alignfull has-tertiary-background-color has-background has-global-padding is-layout-constrained wp-container-core-group-is-layout-c156bf93 wp-block-group-is-layout-constrained\" style=\"margin-top:0px;margin-bottom:0px;padding-top:var(--wp--preset--spacing--medium);padding-right:var(--wp--preset--spacing--medium);padding-bottom:var(--wp--preset--spacing--medium);padding-left:var(--wp--preset--spacing--medium)\">\n<div class=\"wp-block-columns alignwide are-vertically-aligned-center is-layout-flex wp-container-core-columns-is-layout-2009bae8 wp-block-columns-is-layout-flex\" style=\"margin-top:0px;margin-bottom:0px\">\n<div class=\"wp-block-column is-vertically-aligned-center is-layout-flow wp-block-column-is-layout-flow\">\n<div class=\"wp-block-group has-global-padding is-layout-constrained wp-container-core-group-is-layout-f5f3bcb8 wp-block-group-is-layout-constrained\">\n<p class=\"has-primary-color has-text-color has-small-font-size\" style=\"font-style:normal;font-weight:500\">Osobn\u00e1 pomoc: Sta\u0148te sa s\u00fa\u010das\u0165ou t\u00edmu<\/p>\n\n\n\n<p>\u010cinnos\u0165 v nad\u00e1cii a centre si vy\u017eaduje ve\u013ea pr\u00e1ce. Je to:<\/p>\n\n\n\n<ul class=\"wp-block-list\">\n<li>pr\u00e1ca s administrat\u00edvou,<\/li>\n\n\n\n<li>pr\u00e1ca na jednotliv\u00fdch projektoch,<\/li>\n\n\n\n<li>pr\u00e1ca na web str\u00e1nke a soci\u00e1lnych sie\u0165ach,<\/li>\n\n\n\n<li>\u010dinnos\u0165 v Centre AYA a \u010fal\u0161ie.<\/li>\n<\/ul>\n\n\n\n<p>Uv\u00edtame ka\u017ed\u00fa pomoc, ktor\u00fa by ste mohli pon\u00faknu\u0165.<br>Ak m\u00e1te trochu vo\u013en\u00e9ho \u010dasu a chcete ho venova\u0165 nie\u010domu zmyslupln\u00e9mu, kontaktujte n\u00e1s a pridajte sa do t\u00edmu.<br><em>Na\u0161a \u010dinnos\u0165 je zalo\u017een\u00e1 na b\u00e1ze dobrovo\u013enosti \u2014 odmenou je dobr\u00fd pocit a pozit\u00edvny dopad.<\/em><\/p>\n<\/div>\n<\/div>\n\n\n\n<div class=\"wp-block-column is-vertically-aligned-center is-layout-flow wp-block-column-is-layout-flow\">\n<div class=\"wp-block-cover is-light is-style-rounded-cover has-x-small-font-size has-aspect-ratio\" style=\"border-style:none;border-width:0px;aspect-ratio:4\/3;min-height:unset;\"><img loading=\"lazy\" decoding=\"async\" width=\"2048\" height=\"2048\" class=\"wp-block-cover__image-background wp-image-496 size-full\" alt=\"\" src=\"https:\/\/ayan.sk\/wp-content\/uploads\/2025\/06\/workWithUs.png\" data-object-fit=\"cover\" srcset=\"https:\/\/ayan.sk\/wp-content\/uploads\/2025\/06\/workWithUs.png 2048w, https:\/\/ayan.sk\/wp-content\/uploads\/2025\/06\/workWithUs-300x300.png 300w, https:\/\/ayan.sk\/wp-content\/uploads\/2025\/06\/workWithUs-1024x1024.png 1024w, https:\/\/ayan.sk\/wp-content\/uploads\/2025\/06\/workWithUs-150x150.png 150w, https:\/\/ayan.sk\/wp-content\/uploads\/2025\/06\/workWithUs-768x768.png 768w, https:\/\/ayan.sk\/wp-content\/uploads\/2025\/06\/workWithUs-1536x1536.png 1536w, https:\/\/ayan.sk\/wp-content\/uploads\/2025\/06\/workWithUs-12x12.png 12w\" sizes=\"auto, (max-width: 2048px) 100vw, 2048px\" \/><span aria-hidden=\"true\" class=\"wp-block-cover__background has-background-dim-0 has-background-dim\" style=\"background-color:#9aa294\"><\/span><div class=\"wp-block-cover__inner-container is-layout-flow wp-block-cover-is-layout-flow\">\n<p class=\"has-text-align-center\"><\/p>\n<\/div><\/div>\n<\/div>\n<\/div>\n<\/div>\n\n\n\n<div class=\"wp-block-group alignfull has-tertiary-background-color has-background has-global-padding is-layout-constrained wp-container-core-group-is-layout-c156bf93 wp-block-group-is-layout-constrained\" style=\"margin-top:0px;margin-bottom:0px;padding-top:var(--wp--preset--spacing--medium);padding-right:var(--wp--preset--spacing--medium);padding-bottom:var(--wp--preset--spacing--medium);padding-left:var(--wp--preset--spacing--medium)\">\n<div class=\"wp-block-columns alignwide are-vertically-aligned-center is-layout-flex wp-container-core-columns-is-layout-2009bae8 wp-block-columns-is-layout-flex\" style=\"margin-top:0px;margin-bottom:0px\">\n<div class=\"wp-block-column is-vertically-aligned-center is-layout-flow wp-block-column-is-layout-flow\">\n<div class=\"wp-block-cover is-light is-style-rounded-cover has-x-small-font-size has-aspect-ratio\" style=\"border-style:none;border-width:0px;aspect-ratio:4\/3;min-height:unset;\"><img loading=\"lazy\" decoding=\"async\" width=\"2048\" height=\"2048\" class=\"wp-block-cover__image-background wp-image-497 size-full\" alt=\"\" src=\"https:\/\/ayan.sk\/wp-content\/uploads\/2025\/06\/financialSupport.png\" data-object-fit=\"cover\" srcset=\"https:\/\/ayan.sk\/wp-content\/uploads\/2025\/06\/financialSupport.png 2048w, https:\/\/ayan.sk\/wp-content\/uploads\/2025\/06\/financialSupport-300x300.png 300w, https:\/\/ayan.sk\/wp-content\/uploads\/2025\/06\/financialSupport-1024x1024.png 1024w, https:\/\/ayan.sk\/wp-content\/uploads\/2025\/06\/financialSupport-150x150.png 150w, https:\/\/ayan.sk\/wp-content\/uploads\/2025\/06\/financialSupport-768x768.png 768w, https:\/\/ayan.sk\/wp-content\/uploads\/2025\/06\/financialSupport-1536x1536.png 1536w, https:\/\/ayan.sk\/wp-content\/uploads\/2025\/06\/financialSupport-12x12.png 12w\" sizes=\"auto, (max-width: 2048px) 100vw, 2048px\" \/><span aria-hidden=\"true\" class=\"wp-block-cover__background has-background-dim-0 has-background-dim\" style=\"background-color:#9badb9\"><\/span><div class=\"wp-block-cover__inner-container is-layout-flow wp-block-cover-is-layout-flow\">\n<p class=\"has-text-align-center has-large-font-size\"><\/p>\n<\/div><\/div>\n<\/div>\n\n\n\n<div class=\"wp-block-column is-vertically-aligned-center is-layout-flow wp-block-column-is-layout-flow\">\n<div class=\"wp-block-group has-global-padding is-layout-constrained wp-container-core-group-is-layout-f5f3bcb8 wp-block-group-is-layout-constrained\">\n<p class=\"has-primary-color has-text-color has-small-font-size\" style=\"font-style:normal;font-weight:500\">Finan\u010dn\u00e1 podpora: Prispie\u0165 m\u00f4\u017eete aj inak<\/p>\n\n\n\n<p>Ak sa z nejak\u00e9ho d\u00f4vodu nem\u00f4\u017eete osobne zapoji\u0165, m\u00f4\u017eete n\u00e1s podpori\u0165 finan\u010dn\u00fdm darom pod\u013ea vlastn\u00e9ho uv\u00e1\u017eenia.<br>Bankov\u00e9 \u00fadaje n\u00e1jdete v sekcii &#8222;Kontakt&#8220;.<\/p>\n\n\n\n<p><strong>Pozn\u00e1mka:<\/strong><\/p>\n\n\n\n<p>Ak je v\u00fd\u0161ka daru viac ako 331,- \u20ac sme zo z\u00e1kona povinn\u00ed po\u017eiada\u0165 v\u00e1s o jednorazov\u00e9 vyplnenie \u00faplne kr\u00e1tkeho formul\u00e1ra, ktor\u00fd V\u00e1m za\u0161leme mailom, aby sme si splnili oznamovaciu povinnos\u0165 v zmysle \u00a7 32 ods. 1 z\u00e1kona o nad\u00e1ci\u00e1ch. V pr\u00edpade, ak n\u00e1m potrebn\u00e9 \u00fadaje nechcete poskytn\u00fa\u0165 a neposkytnete, budeme to pova\u017eova\u0165 za prejav Va\u0161ej v\u00f4le, \u017ee nechcete by\u0165 informovan\u00fd o sp\u00f4sobe pou\u017eitia V\u00e1\u0161ho daru alebo pr\u00edspevku.<\/p>\n<\/div>\n<\/div>\n<\/div>\n<\/div>\n\n\n\n<div class=\"wp-block-group alignfull has-tertiary-background-color has-background has-global-padding is-layout-constrained wp-container-core-group-is-layout-c156bf93 wp-block-group-is-layout-constrained\" style=\"margin-top:0px;margin-bottom:0px;padding-top:var(--wp--preset--spacing--medium);padding-right:var(--wp--preset--spacing--medium);padding-bottom:var(--wp--preset--spacing--medium);padding-left:var(--wp--preset--spacing--medium)\">\n<div class=\"wp-block-columns alignwide are-vertically-aligned-center is-layout-flex wp-container-core-columns-is-layout-2009bae8 wp-block-columns-is-layout-flex\" style=\"margin-top:0px;margin-bottom:0px\">\n<div class=\"wp-block-column is-vertically-aligned-center is-layout-flow wp-block-column-is-layout-flow\">\n<div class=\"wp-block-group has-global-padding is-layout-constrained wp-container-core-group-is-layout-f5f3bcb8 wp-block-group-is-layout-constrained\">\n<p class=\"has-primary-color has-text-color has-small-font-size\" style=\"font-style:normal;font-weight:500\">Sp\u00e4tn\u00e1 v\u00e4zba: Va\u0161e n\u00e1zory n\u00e1s pos\u00favaj\u00fa<\/p>\n\n\n\n<p>Ak nem\u00f4\u017eete pom\u00f4c\u0165 osobne ani finan\u010dne, budeme radi za ka\u017ed\u00fa sp\u00e4tn\u00fa v\u00e4zbu k na\u0161ej \u010dinnosti.<\/p>\n\n\n\n<ul class=\"wp-block-list\">\n<li>Nap\u00ed\u0161te n\u00e1m, \u010do si o na\u0161ej pr\u00e1ci mysl\u00edte<\/li>\n\n\n\n<li>Pom\u00f4\u017eete n\u00e1m zlep\u0161i\u0165 na\u0161e slu\u017eby a fungovanie<\/li>\n\n\n\n<li>Sta\u010d\u00ed, aby bola va\u0161a sp\u00e4tn\u00e1 v\u00e4zba <strong>stru\u010dn\u00e1, jasn\u00e1 a nap\u00edsan\u00e1 v duchu slu\u0161nosti<\/strong><\/li>\n<\/ul>\n<\/div>\n<\/div>\n\n\n\n<div class=\"wp-block-column is-vertically-aligned-center is-layout-flow wp-block-column-is-layout-flow\">\n<div class=\"wp-block-cover is-style-rounded-cover has-x-small-font-size has-aspect-ratio\" style=\"border-style:none;border-width:0px;aspect-ratio:4\/3;min-height:unset;\"><img loading=\"lazy\" decoding=\"async\" width=\"2048\" height=\"2048\" class=\"wp-block-cover__image-background wp-image-498 size-full\" alt=\"\" src=\"https:\/\/ayan.sk\/wp-content\/uploads\/2025\/06\/feedback.png\" data-object-fit=\"cover\" srcset=\"https:\/\/ayan.sk\/wp-content\/uploads\/2025\/06\/feedback.png 2048w, https:\/\/ayan.sk\/wp-content\/uploads\/2025\/06\/feedback-300x300.png 300w, https:\/\/ayan.sk\/wp-content\/uploads\/2025\/06\/feedback-1024x1024.png 1024w, https:\/\/ayan.sk\/wp-content\/uploads\/2025\/06\/feedback-150x150.png 150w, https:\/\/ayan.sk\/wp-content\/uploads\/2025\/06\/feedback-768x768.png 768w, https:\/\/ayan.sk\/wp-content\/uploads\/2025\/06\/feedback-1536x1536.png 1536w, https:\/\/ayan.sk\/wp-content\/uploads\/2025\/06\/feedback-12x12.png 12w\" sizes=\"auto, (max-width: 2048px) 100vw, 2048px\" \/><span aria-hidden=\"true\" class=\"wp-block-cover__background has-background-dim-0 has-background-dim\" style=\"background-color:#525077\"><\/span><div class=\"wp-block-cover__inner-container is-layout-flow wp-block-cover-is-layout-flow\">\n<p class=\"has-text-align-center\"><\/p>\n<\/div><\/div>\n<\/div>\n<\/div>\n<\/div>\n\n\n\n<div class=\"wp-block-columns alignwide are-vertically-aligned-center is-layout-flex wp-container-core-columns-is-layout-2009bae8 wp-block-columns-is-layout-flex\" style=\"margin-top:0px;margin-bottom:0px\">\n<div class=\"wp-block-column is-vertically-aligned-center is-layout-flow wp-block-column-is-layout-flow\">\n<div class=\"wp-block-cover is-light is-style-rounded-cover has-x-small-font-size has-aspect-ratio\" style=\"border-style:none;border-width:0px;aspect-ratio:4\/3;min-height:unset;\"><img loading=\"lazy\" decoding=\"async\" width=\"1280\" height=\"853\" class=\"wp-block-cover__image-background wp-image-854 size-full\" alt=\"\" src=\"https:\/\/ayan.sk\/wp-content\/uploads\/2026\/01\/Euro2.jpg\" data-object-fit=\"cover\" srcset=\"https:\/\/ayan.sk\/wp-content\/uploads\/2026\/01\/Euro2.jpg 1280w, https:\/\/ayan.sk\/wp-content\/uploads\/2026\/01\/Euro2-300x200.jpg 300w, https:\/\/ayan.sk\/wp-content\/uploads\/2026\/01\/Euro2-1024x682.jpg 1024w, https:\/\/ayan.sk\/wp-content\/uploads\/2026\/01\/Euro2-768x512.jpg 768w, https:\/\/ayan.sk\/wp-content\/uploads\/2026\/01\/Euro2-18x12.jpg 18w\" sizes=\"auto, (max-width: 1280px) 100vw, 1280px\" \/><span aria-hidden=\"true\" class=\"wp-block-cover__background has-background-dim-0 has-background-dim\" style=\"background-color:#a2aaaa\"><\/span><div class=\"wp-block-cover__inner-container is-layout-flow wp-block-cover-is-layout-flow\">\n<p class=\"has-text-align-center has-large-font-size\"><\/p>\n<\/div><\/div>\n<\/div>\n\n\n\n<div class=\"wp-block-column is-vertically-aligned-center is-layout-flow wp-block-column-is-layout-flow\">\n<div class=\"wp-block-group has-global-padding is-layout-constrained wp-container-core-group-is-layout-f5f3bcb8 wp-block-group-is-layout-constrained\">\n<p class=\"has-primary-color has-text-color has-small-font-size\" style=\"font-style:normal;font-weight:500\"><strong>Va\u0161e dane na dobr\u00fa vec: darujte n\u00e1m va\u0161e 2 % z dan\u00ed<\/strong><\/p>\n\n\n\n<p>V\u00e1\u017e. Bratia a sestry<br>Za uplynul\u00e9 obdobie sme sa sna\u017eili dokon\u010di\u0165 centrum a zabezpe\u010di\u0165 jeho prev\u00e1dzku z vlastn\u00fdch zdrojov. Centrum m\u00e1 v\u0161ak svoje potreby a platby, ktor\u00e9 je treba pravidelne uhr\u00e1dza\u0165. Okrem toho sa sna\u017e\u00edme skvalitni\u0165 slu\u017eby centra, a to hlavne:<\/p>\n\n\n\n<ol class=\"wp-block-list\">\n<li>Otv\u00e1racie hodiny Centra AYA, aby bolo centrum AYA k dispoz\u00edcii n\u00e1v\u0161tevn\u00edkom \u010do najdlh\u0161\u00ed \u010das po\u010das t\u00fd\u017ed\u0148a,<\/li>\n\n\n\n<li>Zabezpe\u010di\u0165 prev\u00e1dzku centra (voda, k\u00farenie a in\u00e9),<\/li>\n\n\n\n<li>Plne sfunk\u010dni\u0165 kuchy\u0148u, aby bola k dispoz\u00edcii n\u00e1v\u0161tevn\u00edkom,<\/li>\n\n\n\n<li>Spr\u00edstupni\u0165 kni\u017enicu Centra AYA pre \u0161irok\u00fa verejnos\u0165,<\/li>\n\n\n\n<li>In\u00e9.<\/li>\n<\/ol>\n\n\n\n<p>Na roz\u0161\u00edrenie slu\u017eieb s\u00fa v\u0161ak potrebn\u00e9 aj finan\u010dn\u00e9 zdroje. Jednou z mo\u017enost\u00ed je, \u017ee n\u00e1m z dan\u00ed, ktor\u00e9 aj tak odv\u00e1dzate, pouk\u00e1\u017eete 2 % na \u00fa\u010det nad\u00e1cie AYA.<br>Tieto 2 % z dan\u00ed, ktor\u00e9 ste odviedli, sa pou\u017eij\u00fa na \u00fa\u010dely vzdel\u00e1vania a slu\u017eieb spojen\u00fdch s na\u0161ou komunitou, tak pre muslimov, ako aj n\u00e1v\u0161tevn\u00edkov Centra AYA v\u0161eobecne.<\/p>\n\n\n\n<p><strong>\u00dadaje na pouk\u00e1zanie 2 % z dan\u00ed:<\/strong><br>N\u00e1zov nad\u00e1cie: <strong>Nad\u00e1cia AYA<\/strong><br>I\u010cO: <strong>56283890<\/strong><\/p>\n\n\n\n<p><strong>\u00dadaje o bankovom \u00fa\u010dte<\/strong><\/p>\n\n\n\n<p>N\u00e1zov \u00fa\u010dtu: <strong>Nad\u00e1cia AYA<\/strong><\/p>\n\n\n\n<p>\u010c\u00edslo \u00fa\u010dtu (IBAN): <strong>SK33 0900 0000 0052 3477 7069<\/strong><\/p>\n\n\n\n<p><strong>Technick\u00e9 in\u0161trukcie:<\/strong><br>&#8211; Pokia\u013e ste sa rozhodli 2 % posun\u00fa\u0165 nad\u00e1cii AYA, je ve\u013emi d\u00f4le\u017eit\u00e9, aby ste vyplnili VYHL\u00c1SENIE O POUK\u00c1ZAN\u00cd PODIELU ZAPLATENEJ DANE Z PR\u00cdJMOV.<br>&#8211; V pr\u00edpade, ak ste <strong>zamestnanec<\/strong>, tak\u00e9 <strong>tla\u010divo V\u00e1m d\u00e1 zamestn\u00e1vate\u013e <\/strong>a pou\u010d\u00ed V\u00e1s, ako \u010falej postupova\u0165 (ak neuvedie ako \u010falej, tak sa ho sp\u00fdtajte).<br>&#8211; V pr\u00edpade ak <strong>podnik\u00e1te<\/strong>, po\u017eiadajte <strong>v\u00e1\u0161ho \u00fa\u010dtovn\u00edka, aby v\u00e1m pripravil v\u0161etko na pouk\u00e1zanie podielu zaplatenej dane Nad\u00e1cie AYA<\/strong>.<\/p>\n\n\n\n<p>&#8211; Vyhl\u00e1senie o pouk\u00e1zan\u00ed podielu zaplatenej dane z pr\u00edjmov fyzickej osoby na 2% dane pre nad\u00e1ciu AYA si m\u00f4\u017eete stiahnu\u0165  <a href=\"https:\/\/www.financnasprava.sk\/\/_img\/pfsedit\/Dokumenty_PFS\/Zverejnovanie_dok\/Vzory_tlaciv\/Zavisla_cinnost_5ZD\/2025\/2025.12.09_vyhlasenie.pdf\" data-type=\"link\" data-id=\"https:\/\/www.financnasprava.sk\/\/_img\/pfsedit\/Dokumenty_PFS\/Zverejnovanie_dok\/Vzory_tlaciv\/Zavisla_cinnost_5ZD\/2025\/2025.12.09_vyhlasenie.pdf\">kliknut\u00edm tu<\/a><\/p>\n\n\n\n<p><strong>Pozn\u00e1mka:<\/strong><br>Nemus\u00edte ma\u0165 obavy, \u017ee by sa nad\u00e1cia alebo jej zamestnanci dozvedeli nie\u010do o va\u0161ich pr\u00edjmov. Na \u00fa\u010det nad\u00e1cie sa pouk\u00e1\u017eu len finan\u010dn\u00e9 prostriedky, bez uvedenia toho od ktorej fyzickej alebo pr\u00e1vnickej osoby poch\u00e1dzaj\u00fa. Tla\u010divo, ktor\u00e9 pod\u00e1vate na da\u0148ov\u00fd \u00farad, da\u0148ov\u00fd \u00farad neposiela nad\u00e1ci\u00ed (ost\u00e1va len u\u0148ho). Tak\u017ee va\u0161a anonymita je zachovan\u00e1.<\/p>\n<\/div>\n<\/div>\n<\/div>\n\n\n\n<p><\/p>","protected":false},"excerpt":{"rendered":"<p>Podporte na\u0161u \u010dinnos\u0165. Za uplynul\u00e9 obdobie sa niektor\u00ed muslimovia naplno alebo \u010diasto\u010dne anga\u017eovali na \u010dinnosti nad\u00e1cie AYA a dokon\u010denie Centra AYA. Obe tieto \u010dinnosti znamenali vynalo\u017eenie ve\u013ek\u00e9ho \u00fasilia, n\u00e1mahy a \u010dasu. Skuto\u010dnos\u0165, \u017ee sa (hlavne v\u010faka Bohu) podarilo dotiahnu\u0165 obe z\u00e1kladn\u00e9 z\u00e1le\u017eitosti do konca, aby mohli fungova\u0165 riadne, je ve\u013emi dobr\u00fdm za\u010diatkom. Je to ale [&hellip;]<\/p>","protected":false},"author":1,"featured_media":0,"parent":0,"menu_order":0,"comment_status":"closed","ping_status":"closed","template":"page-no-title","meta":{"_acf_changed":false,"ngg_post_thumbnail":0,"footnotes":""},"class_list":["post-489","page","type-page","status-publish","hentry"],"acf":[],"mb":[],"mfb_rest_fields":["title"],"_links":{"self":[{"href":"https:\/\/ayan.sk\/en\/wp-json\/wp\/v2\/pages\/489","targetHints":{"allow":["GET"]}}],"collection":[{"href":"https:\/\/ayan.sk\/en\/wp-json\/wp\/v2\/pages"}],"about":[{"href":"https:\/\/ayan.sk\/en\/wp-json\/wp\/v2\/types\/page"}],"author":[{"embeddable":true,"href":"https:\/\/ayan.sk\/en\/wp-json\/wp\/v2\/users\/1"}],"replies":[{"embeddable":true,"href":"https:\/\/ayan.sk\/en\/wp-json\/wp\/v2\/comments?post=489"}],"version-history":[{"count":22,"href":"https:\/\/ayan.sk\/en\/wp-json\/wp\/v2\/pages\/489\/revisions"}],"predecessor-version":[{"id":922,"href":"https:\/\/ayan.sk\/en\/wp-json\/wp\/v2\/pages\/489\/revisions\/922"}],"wp:attachment":[{"href":"https:\/\/ayan.sk\/en\/wp-json\/wp\/v2\/media?parent=489"}],"curies":[{"name":"wp","href":"https:\/\/api.w.org\/{rel}","templated":true}]}}