{"id":461,"date":"2025-06-26T21:59:29","date_gmt":"2025-06-26T21:59:29","guid":{"rendered":"https:\/\/ayan.sk\/?page_id=461"},"modified":"2025-07-01T07:29:29","modified_gmt":"2025-07-01T07:29:29","slug":"foundation-activities","status":"publish","type":"page","link":"https:\/\/ayan.sk\/en\/foundation-activities\/","title":{"rendered":"Foundation Activities"},"content":{"rendered":"<div class=\"wp-block-cover alignfull is-style-default\" style=\"padding-top:0;padding-bottom:0\"><img loading=\"lazy\" decoding=\"async\" width=\"2560\" height=\"1440\" class=\"wp-block-cover__image-background wp-image-664 size-full\" alt=\"\" src=\"https:\/\/ayan.sk\/wp-content\/uploads\/2025\/07\/Granada11-scaled.jpg\" style=\"object-position:43% 100%\" data-object-fit=\"cover\" data-object-position=\"43% 100%\" srcset=\"https:\/\/ayan.sk\/wp-content\/uploads\/2025\/07\/Granada11-scaled.jpg 2560w, https:\/\/ayan.sk\/wp-content\/uploads\/2025\/07\/Granada11-300x169.jpg 300w, https:\/\/ayan.sk\/wp-content\/uploads\/2025\/07\/Granada11-1024x576.jpg 1024w, https:\/\/ayan.sk\/wp-content\/uploads\/2025\/07\/Granada11-768x432.jpg 768w, https:\/\/ayan.sk\/wp-content\/uploads\/2025\/07\/Granada11-1536x864.jpg 1536w, https:\/\/ayan.sk\/wp-content\/uploads\/2025\/07\/Granada11-2048x1152.jpg 2048w, https:\/\/ayan.sk\/wp-content\/uploads\/2025\/07\/Granada11-18x10.jpg 18w\" sizes=\"auto, (max-width: 2560px) 100vw, 2560px\" \/><span aria-hidden=\"true\" class=\"wp-block-cover__background has-primary-background-color has-background-dim-20 has-background-dim\"><\/span><div class=\"wp-block-cover__inner-container is-layout-flow wp-container-core-cover-is-layout-92d440f1 wp-block-cover-is-layout-flow\">\n<p class=\"has-text-align-center has-large-font-size\"><\/p>\n<\/div><\/div>\n\n\n\n<div class=\"wp-block-columns alignfull is-layout-flex wp-container-core-columns-is-layout-28f84493 wp-block-columns-is-layout-flex\">\n<div class=\"wp-block-column is-layout-flow wp-block-column-is-layout-flow\" style=\"flex-basis:33.33%\">\n<h2 class=\"wp-block-heading has-text-align-center has-main-color has-text-color has-link-color wp-elements-71ea37df0292ed95a6e6a2d1dbcf852e\" style=\"margin-bottom:0\">\u010cinnosti nad\u00e1cie<\/h2>\n<\/div>\n\n\n\n<div class=\"wp-block-column is-layout-flow wp-block-column-is-layout-flow\" style=\"flex-basis:66.66%\">\n<div class=\"wp-block-group has-global-padding is-content-justification-left is-layout-constrained wp-container-core-group-is-layout-12dd3699 wp-block-group-is-layout-constrained\">\n<ul class=\"wp-block-list\">\n<li>V roku 2024 sa po z\u00e1pise nad\u00e1cie AYA, s\u00fastredila jej \u010dinnos\u0165 hlavne na stabiliz\u00e1ciu jej celej administrat\u00edvy a pr\u00e1vneho z\u00e1kladu. Z\u00e1rove\u0148 sa pokra\u010dovalo v projekte Centra AYA, ktor\u00fd sa za\u010dal o nieko\u013eko mesiacov sk\u00f4r.<\/li>\n\n\n\n<li>V roku 2025 si nad\u00e1cia AYA dala za cie\u013e dokon\u010di\u0165 Centrum AYA. V r\u00e1mci toho uskuto\u010d\u0148ova\u0165 v Centre AYA jednoduch\u00e9 aktivity pre deti, hlavne po\u010das letn\u00fdch \u0161kolsk\u00fdch pr\u00e1zdnin. Bude to prv\u00e1 podobn\u00e1 aktivita v Centre AYA, preto je to nult\u00fd ro\u010dn\u00edk z ktor\u00e9ho si s\u013eubujeme nadobudnutie sk\u00fasenost\u00ed a vylep\u0161enie cel\u00e9ho projektu na bud\u00faci rok 2026.<\/li>\n\n\n\n<li>V roku 2025 by sa organiza\u010dne mali za\u010da\u0165 aj niektor\u00e9 \u010fal\u0161ie projekty zameran\u00e9 hlavne na kult\u00farne a soci\u00e1lne oblasti.<\/li>\n<\/ul>\n<\/div>\n<\/div>\n<\/div>","protected":false},"excerpt":{"rendered":"<p>\u010cinnosti nad\u00e1cie<\/p>","protected":false},"author":1,"featured_media":0,"parent":0,"menu_order":0,"comment_status":"closed","ping_status":"closed","template":"page-no-title","meta":{"_acf_changed":false,"ngg_post_thumbnail":0,"footnotes":""},"class_list":["post-461","page","type-page","status-publish","hentry"],"acf":[],"mb":[],"mfb_rest_fields":["title"],"_links":{"self":[{"href":"https:\/\/ayan.sk\/en\/wp-json\/wp\/v2\/pages\/461","targetHints":{"allow":["GET"]}}],"collection":[{"href":"https:\/\/ayan.sk\/en\/wp-json\/wp\/v2\/pages"}],"about":[{"href":"https:\/\/ayan.sk\/en\/wp-json\/wp\/v2\/types\/page"}],"author":[{"embeddable":true,"href":"https:\/\/ayan.sk\/en\/wp-json\/wp\/v2\/users\/1"}],"replies":[{"embeddable":true,"href":"https:\/\/ayan.sk\/en\/wp-json\/wp\/v2\/comments?post=461"}],"version-history":[{"count":5,"href":"https:\/\/ayan.sk\/en\/wp-json\/wp\/v2\/pages\/461\/revisions"}],"predecessor-version":[{"id":698,"href":"https:\/\/ayan.sk\/en\/wp-json\/wp\/v2\/pages\/461\/revisions\/698"}],"wp:attachment":[{"href":"https:\/\/ayan.sk\/en\/wp-json\/wp\/v2\/media?parent=461"}],"curies":[{"name":"wp","href":"https:\/\/api.w.org\/{rel}","templated":true}]}}