{"id":146,"date":"2025-06-15T13:50:08","date_gmt":"2025-06-15T13:50:08","guid":{"rendered":"https:\/\/ayan.sk\/?page_id=146"},"modified":"2026-01-04T20:13:53","modified_gmt":"2026-01-04T18:13:53","slug":"contact","status":"publish","type":"page","link":"https:\/\/ayan.sk\/en\/contact\/","title":{"rendered":"Contact"},"content":{"rendered":"<section class=\"wp-block-group alignfull has-main-accent-background-color has-background has-global-padding is-layout-constrained wp-container-core-group-is-layout-fca228b9 wp-block-group-is-layout-constrained\" style=\"margin-top:0;margin-bottom:0;padding-top:var(--wp--preset--spacing--xx-large);padding-right:var(--wp--preset--spacing--medium);padding-bottom:var(--wp--preset--spacing--xx-large);padding-left:var(--wp--preset--spacing--medium)\">\n<p class=\"has-text-align-center has-primary-color has-text-color\" style=\"font-style:normal;font-weight:500\"><strong>Get in Touch with AYA<\/strong><\/p>\n\n\n\n<p class=\"has-text-align-center has-secondary-color has-text-color\"><strong>Nad\u00e1cia AYA<\/strong>, s\u00eddlo a kore\u0161ponden\u010dn\u00e1 adresa: Karpatsk\u00e9 n\u00e1mestie 10A, 831 06 Bratislava-Ra\u010da, I\u010cO: 56283890, zap\u00edsan\u00e1: v registri mimovl\u00e1dnych neziskov\u00fdch organiz\u00e1ci\u00ed pod registra\u010dn\u00fdm \u010d\u00edslom 203\/Na-2002\/1306,<\/p>\n<\/section>\n\n\n\n<div class=\"wp-block-group alignfull has-global-padding is-layout-constrained wp-container-core-group-is-layout-99262c54 wp-block-group-is-layout-constrained\" style=\"margin-top:0px;margin-bottom:0px;padding-top:var(--wp--preset--spacing--xx-large);padding-right:var(--wp--preset--spacing--medium);padding-bottom:var(--wp--preset--spacing--small);padding-left:var(--wp--preset--spacing--medium)\">\n<div class=\"wp-block-columns alignwide is-layout-flex wp-container-core-columns-is-layout-2009bae8 wp-block-columns-is-layout-flex\" style=\"margin-top:0px;margin-bottom:0px\">\n<div class=\"wp-block-column is-vertically-aligned-top is-layout-flow wp-block-column-is-layout-flow\">\n<p class=\"has-secondary-color has-text-color has-medium-font-size\" style=\"font-style:normal;font-weight:600\"><strong>Contact Form<\/strong><\/p>\n\n\n\n<hr class=\"wp-block-separator has-text-color has-border-light-color has-alpha-channel-opacity has-border-light-background-color has-background is-style-separator-thin\" style=\"margin-top:var(--wp--preset--spacing--large);margin-bottom:var(--wp--preset--spacing--large)\"\/>\n\n\n<style id=\"wpforms-css-vars-163-block-ef3eea94-1e14-4679-aa84-c4a61d7e9af2\">\n\t\t\t\t#wpforms-163.wpforms-block-ef3eea94-1e14-4679-aa84-c4a61d7e9af2 {\n\t\t\t\t--wpforms-field-size-input-height: 43px;\n--wpforms-field-size-input-spacing: 15px;\n--wpforms-field-size-font-size: 16px;\n--wpforms-field-size-line-height: 19px;\n--wpforms-field-size-padding-h: 14px;\n--wpforms-field-size-checkbox-size: 16px;\n--wpforms-field-size-sublabel-spacing: 5px;\n--wpforms-field-size-icon-size: 1;\n--wpforms-label-size-font-size: 16px;\n--wpforms-label-size-line-height: 19px;\n--wpforms-label-size-sublabel-font-size: 14px;\n--wpforms-label-size-sublabel-line-height: 17px;\n--wpforms-button-size-font-size: 17px;\n--wpforms-button-size-height: 41px;\n--wpforms-button-size-padding-h: 15px;\n--wpforms-button-size-margin-top: 10px;\n\t\t\t}\n\t\t\t<\/style><div class=\"wpforms-container wpforms-container-full wpforms-block wpforms-block-ef3eea94-1e14-4679-aa84-c4a61d7e9af2 wpforms-render-modern\" id=\"wpforms-163\"><form id=\"wpforms-form-163\" class=\"wpforms-validate wpforms-form wpforms-ajax-form\" data-formid=\"163\" method=\"post\" enctype=\"multipart\/form-data\" action=\"\/en\/wp-json\/wp\/v2\/pages\/146\" data-token=\"e7ea896c8a1ba99689dc6265b46ec9cd\" data-token-time=\"1777509247\" data-trp-original-action=\"\/en\/wp-json\/wp\/v2\/pages\/146\"><noscript class=\"wpforms-error-noscript\">Please enable JavaScript in your browser to complete this form.<\/noscript><div id=\"wpforms-error-noscript\" style=\"display: none;\">Please enable JavaScript in your browser to complete this form.<\/div><div class=\"wpforms-field-container\"><div id=\"wpforms-163-field_1-container\" class=\"wpforms-field wpforms-field-text\" data-field-id=\"1\"><label class=\"wpforms-field-label\" for=\"wpforms-163-field_1\">Predmet<\/label><input type=\"text\" id=\"wpforms-163-field_1\" class=\"wpforms-field-medium\" name=\"wpforms[fields][1]\" aria-errormessage=\"wpforms-163-field_1-error\" ><\/div>\t\t<div id=\"wpforms-163-field_4-container\"\n\t\t\tclass=\"wpforms-field wpforms-field-text\"\n\t\t\tdata-field-type=\"text\"\n\t\t\tdata-field-id=\"4\"\n\t\t\t>\n\t\t\t<label class=\"wpforms-field-label\" for=\"wpforms-163-field_4\" >Spr\u00e1va Predmet Email<\/label>\n\t\t\t<input type=\"text\" id=\"wpforms-163-field_4\" class=\"wpforms-field-medium\" name=\"wpforms[fields][4]\" >\n\t\t<\/div>\n\t\t<div id=\"wpforms-163-field_2-container\" class=\"wpforms-field wpforms-field-email\" data-field-id=\"2\"><label class=\"wpforms-field-label\" for=\"wpforms-163-field_2\">Email <span class=\"wpforms-required-label\" aria-hidden=\"true\">*<\/span><\/label><input type=\"email\" id=\"wpforms-163-field_2\" class=\"wpforms-field-medium wpforms-field-required\" name=\"wpforms[fields][2]\" spellcheck=\"false\" aria-errormessage=\"wpforms-163-field_2-error\" required><\/div><div id=\"wpforms-163-field_3-container\" class=\"wpforms-field wpforms-field-textarea\" data-field-id=\"3\"><label class=\"wpforms-field-label\" for=\"wpforms-163-field_3\">Spr\u00e1va<\/label><textarea id=\"wpforms-163-field_3\" class=\"wpforms-field-medium\" name=\"wpforms[fields][3]\" aria-errormessage=\"wpforms-163-field_3-error\" ><\/textarea><\/div><script>\n\t\t\t\t( function() {\n\t\t\t\t\tconst style = document.createElement( 'style' );\n\t\t\t\t\tstyle.appendChild( document.createTextNode( '#wpforms-163-field_4-container { position: absolute !important; overflow: hidden !important; display: inline !important; height: 1px !important; width: 1px !important; z-index: -1000 !important; padding: 0 !important; } #wpforms-163-field_4-container input { visibility: hidden; } #wpforms-conversational-form-page #wpforms-163-field_4-container label { counter-increment: none; }' ) );\n\t\t\t\t\tdocument.head.appendChild( style );\n\t\t\t\t\tdocument.currentScript?.remove();\n\t\t\t\t} )();\n\t\t\t<\/script><\/div><!-- .wpforms-field-container --><div class=\"wpforms-submit-container\" ><input type=\"hidden\" name=\"wpforms[id]\" value=\"163\"><input type=\"hidden\" name=\"page_title\" value=\"\"><input type=\"hidden\" name=\"page_url\" value=\"https:\/\/ayan.sk\/en\/wp-json\/wp\/v2\/pages\/146\"><input type=\"hidden\" name=\"url_referer\" value=\"\"><button type=\"submit\" name=\"wpforms[submit]\" id=\"wpforms-submit-163\" class=\"wpforms-submit\" data-alt-text=\"Odosiela sa...\" data-submit-text=\"Odosla\u0165\" aria-live=\"assertive\" value=\"wpforms-submit\">Odosla\u0165<\/button><img loading=\"lazy\" decoding=\"async\" src=\"https:\/\/ayan.sk\/wp-content\/plugins\/wpforms-lite\/assets\/images\/submit-spin.svg\" class=\"wpforms-submit-spinner\" style=\"display: none;\" width=\"26\" height=\"26\" alt=\"Loading\"><\/div><input type=\"hidden\" name=\"trp-form-language\" value=\"en\"\/><\/form><\/div>  <!-- .wpforms-container --><\/div>\n\n\n\n<div class=\"wp-block-column is-vertically-aligned-center has-secondary-background-color has-background is-layout-flow wp-container-core-column-is-layout-047268c9 wp-block-column-is-layout-flow\" style=\"border-radius:5px;padding-top:var(--wp--preset--spacing--x-large);padding-right:var(--wp--preset--spacing--x-large);padding-bottom:var(--wp--preset--spacing--x-large);padding-left:var(--wp--preset--spacing--x-large)\">\n<div class=\"wp-block-group is-content-justification-space-between is-layout-flex wp-container-core-group-is-layout-9366075c wp-block-group-is-layout-flex\">\n<p class=\"has-base-color has-text-color has-medium-font-size\" style=\"font-style:normal;font-weight:600\">Contact Information<\/p>\n\n\n\n<ul class=\"wp-block-social-links has-icon-color is-style-logos-only is-layout-flex wp-container-core-social-links-is-layout-cc423f81 wp-block-social-links-is-layout-flex\"><li style=\"color:#fff;\" class=\"wp-social-link wp-social-link-twitter has-base-color wp-block-social-link\"><a href=\"https:\/\/twitter.com\" class=\"wp-block-social-link-anchor\"><svg width=\"24\" height=\"24\" viewbox=\"0 0 24 24\" version=\"1.1\" xmlns=\"http:\/\/www.w3.org\/2000\/svg\" aria-hidden=\"true\" focusable=\"false\"><path d=\"M22.23,5.924c-0.736,0.326-1.527,0.547-2.357,0.646c0.847-0.508,1.498-1.312,1.804-2.27 c-0.793,0.47-1.671,0.812-2.606,0.996C18.324,4.498,17.257,4,16.077,4c-2.266,0-4.103,1.837-4.103,4.103 c0,0.322,0.036,0.635,0.106,0.935C8.67,8.867,5.647,7.234,3.623,4.751C3.27,5.357,3.067,6.062,3.067,6.814 c0,1.424,0.724,2.679,1.825,3.415c-0.673-0.021-1.305-0.206-1.859-0.513c0,0.017,0,0.034,0,0.052c0,1.988,1.414,3.647,3.292,4.023 c-0.344,0.094-0.707,0.144-1.081,0.144c-0.264,0-0.521-0.026-0.772-0.074c0.522,1.63,2.038,2.816,3.833,2.85 c-1.404,1.1-3.174,1.756-5.096,1.756c-0.331,0-0.658-0.019-0.979-0.057c1.816,1.164,3.973,1.843,6.29,1.843 c7.547,0,11.675-6.252,11.675-11.675c0-0.178-0.004-0.355-0.012-0.531C20.985,7.47,21.68,6.747,22.23,5.924z\"><\/path><\/svg><span class=\"wp-block-social-link-label screen-reader-text\">Twitter<\/span><\/a><\/li>\n\n<li style=\"color:#fff;\" class=\"wp-social-link wp-social-link-facebook has-base-color wp-block-social-link\"><a href=\"https:\/\/facebook.com\" class=\"wp-block-social-link-anchor\"><svg width=\"24\" height=\"24\" viewbox=\"0 0 24 24\" version=\"1.1\" xmlns=\"http:\/\/www.w3.org\/2000\/svg\" aria-hidden=\"true\" focusable=\"false\"><path d=\"M12 2C6.5 2 2 6.5 2 12c0 5 3.7 9.1 8.4 9.9v-7H7.9V12h2.5V9.8c0-2.5 1.5-3.9 3.8-3.9 1.1 0 2.2.2 2.2.2v2.5h-1.3c-1.2 0-1.6.8-1.6 1.6V12h2.8l-.4 2.9h-2.3v7C18.3 21.1 22 17 22 12c0-5.5-4.5-10-10-10z\"><\/path><\/svg><span class=\"wp-block-social-link-label screen-reader-text\">Facebook<\/span><\/a><\/li>\n\n<li style=\"color:#fff;\" class=\"wp-social-link wp-social-link-linkedin has-base-color wp-block-social-link\"><a href=\"https:\/\/linkedin.com\" class=\"wp-block-social-link-anchor\"><svg width=\"24\" height=\"24\" viewbox=\"0 0 24 24\" version=\"1.1\" xmlns=\"http:\/\/www.w3.org\/2000\/svg\" aria-hidden=\"true\" focusable=\"false\"><path d=\"M19.7,3H4.3C3.582,3,3,3.582,3,4.3v15.4C3,20.418,3.582,21,4.3,21h15.4c0.718,0,1.3-0.582,1.3-1.3V4.3 C21,3.582,20.418,3,19.7,3z M8.339,18.338H5.667v-8.59h2.672V18.338z M7.004,8.574c-0.857,0-1.549-0.694-1.549-1.548 c0-0.855,0.691-1.548,1.549-1.548c0.854,0,1.547,0.694,1.547,1.548C8.551,7.881,7.858,8.574,7.004,8.574z M18.339,18.338h-2.669 v-4.177c0-0.996-0.017-2.278-1.387-2.278c-1.389,0-1.601,1.086-1.601,2.206v4.249h-2.667v-8.59h2.559v1.174h0.037 c0.356-0.675,1.227-1.387,2.526-1.387c2.703,0,3.203,1.779,3.203,4.092V18.338z\"><\/path><\/svg><span class=\"wp-block-social-link-label screen-reader-text\">LinkedIn<\/span><\/a><\/li>\n\n<li style=\"color:#fff;\" class=\"wp-social-link wp-social-link-youtube has-base-color wp-block-social-link\"><a href=\"https:\/\/youtube.com\" class=\"wp-block-social-link-anchor\"><svg width=\"24\" height=\"24\" viewbox=\"0 0 24 24\" version=\"1.1\" xmlns=\"http:\/\/www.w3.org\/2000\/svg\" aria-hidden=\"true\" focusable=\"false\"><path d=\"M21.8,8.001c0,0-0.195-1.378-0.795-1.985c-0.76-0.797-1.613-0.801-2.004-0.847c-2.799-0.202-6.997-0.202-6.997-0.202 h-0.009c0,0-4.198,0-6.997,0.202C4.608,5.216,3.756,5.22,2.995,6.016C2.395,6.623,2.2,8.001,2.2,8.001S2,9.62,2,11.238v1.517 c0,1.618,0.2,3.237,0.2,3.237s0.195,1.378,0.795,1.985c0.761,0.797,1.76,0.771,2.205,0.855c1.6,0.153,6.8,0.201,6.8,0.201 s4.203-0.006,7.001-0.209c0.391-0.047,1.243-0.051,2.004-0.847c0.6-0.607,0.795-1.985,0.795-1.985s0.2-1.618,0.2-3.237v-1.517 C22,9.62,21.8,8.001,21.8,8.001z M9.935,14.594l-0.001-5.62l5.404,2.82L9.935,14.594z\"><\/path><\/svg><span class=\"wp-block-social-link-label screen-reader-text\">YouTube<\/span><\/a><\/li><\/ul>\n<\/div>\n\n\n\n<div class=\"wp-block-group has-global-padding is-layout-constrained wp-block-group-is-layout-constrained\">\n<hr class=\"wp-block-separator has-text-color has-border-dark-color has-alpha-channel-opacity has-border-dark-background-color has-background is-style-separator-thin\"\/>\n\n\n\n<div class=\"wp-block-group has-global-padding is-layout-constrained wp-container-core-group-is-layout-19e250f3 wp-block-group-is-layout-constrained\">\n<p class=\"has-main-accent-color has-text-color\"><strong>E-mail<\/strong><\/p>\n\n\n\n<p class=\"has-base-color has-text-color\">ayanadacia@gmail.com<\/p>\n<\/div>\n\n\n\n<hr class=\"wp-block-separator has-text-color has-border-dark-color has-alpha-channel-opacity has-border-dark-background-color has-background is-style-separator-thin\"\/>\n\n\n\n<div class=\"wp-block-group has-global-padding is-layout-constrained wp-container-core-group-is-layout-19e250f3 wp-block-group-is-layout-constrained\">\n<p class=\"has-main-accent-color has-text-color\">Phone<\/p>\n\n\n\n<p class=\"has-base-color has-text-color\">00 421 952 211 861<\/p>\n<\/div>\n\n\n\n<hr class=\"wp-block-separator has-text-color has-border-dark-color has-alpha-channel-opacity has-border-dark-background-color has-background is-style-separator-thin\"\/>\n\n\n\n<div class=\"wp-block-group has-global-padding is-layout-constrained wp-container-core-group-is-layout-19e250f3 wp-block-group-is-layout-constrained\">\n<p class=\"has-main-accent-color has-text-color\">Address<\/p>\n\n\n\n<p class=\"has-base-color has-text-color\">Bojnick\u00e1 ul. 4916\/188, Bratislava<\/p>\n\n\n\n<p><mark style=\"background-color:rgba(0, 0, 0, 0)\" class=\"has-inline-color has-base-color\">Presn\u00fd popis toho, ako sa k n\u00e1m m\u00f4\u017eete dosta\u0165 n\u00e1jdete v sekcii &#8222;<a href=\"https:\/\/ayan.sk\/en\/center\/\" data-type=\"page\" data-id=\"153\">Centrum AYA<\/a>&#8222;<\/mark><\/p>\n\n\n\n<p class=\"has-primary-accent-color has-text-color has-link-color wp-elements-dd1b59da0fd7b65939702f38fc996458\"><a href=\"https:\/\/maps.app.goo.gl\/PJi9isnwguF6CTVN9\">Google Link<\/a><\/p>\n<\/div>\n\n\n\n<hr class=\"wp-block-separator has-text-color has-border-dark-color has-alpha-channel-opacity has-border-dark-background-color has-background is-style-separator-thin\"\/>\n\n\n\n<div class=\"wp-block-group has-global-padding is-layout-constrained wp-container-core-group-is-layout-19e250f3 wp-block-group-is-layout-constrained\">\n<p class=\"has-main-accent-color has-text-color\" style=\"margin-bottom:var(--wp--preset--spacing--small)\">\u00dadaje o bankovom \u00fa\u010dte<\/p>\n\n\n\n<div class=\"wp-block-group has-global-padding is-layout-constrained wp-container-core-group-is-layout-fa1fa36f wp-block-group-is-layout-constrained\" style=\"padding-right:var(--wp--preset--spacing--small);padding-left:var(--wp--preset--spacing--small)\">\n<p class=\"has-main-accent-color has-text-color\">N\u00e1zov \u00fa\u010dtu<\/p>\n\n\n\n<p class=\"has-base-color has-text-color\" style=\"margin-left:0;padding-right:var(--wp--preset--spacing--small);padding-left:var(--wp--preset--spacing--small)\">Nad\u00e1cia AYA<\/p>\n<\/div>\n\n\n\n<div class=\"wp-block-group has-global-padding is-layout-constrained wp-container-core-group-is-layout-fa1fa36f wp-block-group-is-layout-constrained\" style=\"padding-right:var(--wp--preset--spacing--small);padding-left:var(--wp--preset--spacing--small)\">\n<p class=\"has-main-accent-color has-text-color\">\u010c\u00edslo \u00fa\u010dtu (IBAN):<\/p>\n\n\n\n<p class=\"has-base-color has-text-color\" style=\"padding-right:var(--wp--preset--spacing--small);padding-left:var(--wp--preset--spacing--small)\">SK33 0900 0000 0052 3477 7069<\/p>\n<\/div>\n\n\n\n<div class=\"wp-block-group has-global-padding is-layout-constrained wp-container-core-group-is-layout-fa1fa36f wp-block-group-is-layout-constrained\" style=\"padding-right:var(--wp--preset--spacing--small);padding-left:var(--wp--preset--spacing--small)\">\n<p class=\"has-main-accent-color has-text-color\">BIC\/SWIFT:<\/p>\n\n\n\n<p class=\"has-base-color has-text-color\" style=\"padding-right:var(--wp--preset--spacing--small);padding-left:var(--wp--preset--spacing--small)\">GIBASKBX<\/p>\n<\/div>\n<\/div>\n\n\n\n<hr class=\"wp-block-separator has-text-color has-border-dark-color has-alpha-channel-opacity has-border-dark-background-color has-background is-style-separator-thin\"\/>\n\n\n\n<div class=\"wp-block-group has-global-padding is-layout-constrained wp-container-core-group-is-layout-19e250f3 wp-block-group-is-layout-constrained\">\n<p class=\"has-main-accent-color has-text-color\" style=\"margin-bottom:var(--wp--preset--spacing--medium)\">Pay By Square<\/p>\n\n\n\n<figure class=\"wp-block-image size-full is-resized\"><img loading=\"lazy\" decoding=\"async\" width=\"406\" height=\"443\" src=\"https:\/\/ayan.sk\/wp-content\/uploads\/2025\/07\/AYA-platba.png\" alt=\"\" class=\"wp-image-736\" style=\"width:200px\" srcset=\"https:\/\/ayan.sk\/wp-content\/uploads\/2025\/07\/AYA-platba.png 406w, https:\/\/ayan.sk\/wp-content\/uploads\/2025\/07\/AYA-platba-275x300.png 275w, https:\/\/ayan.sk\/wp-content\/uploads\/2025\/07\/AYA-platba-11x12.png 11w\" sizes=\"auto, (max-width: 406px) 100vw, 406px\" \/><\/figure>\n<\/div>\n<\/div>\n<\/div>\n<\/div>\n<\/div>\n\n\n\n<div class=\"wp-block-group alignfull is-content-justification-center is-nowrap is-layout-flex wp-container-core-group-is-layout-23441af8 wp-block-group-is-layout-flex\">\n<p class=\"has-text-align-center\">Centrum AYA: navig\u00e1ciu, ako sa do Centra AYA dostanete, n\u00e1jdete v sekcii <a href=\"https:\/\/ayan.sk\/en\/center\/\" data-type=\"page\" data-id=\"153\">Centrum AYA<\/a>.<\/p>\n<\/div>\n\n\n\n<hr class=\"wp-block-separator has-text-color has-border-dark-color has-alpha-channel-opacity has-border-dark-background-color has-background is-style-separator-thin\"\/>","protected":false},"excerpt":{"rendered":"<p>Spojte sa s nami \u2013 AYA Nad\u00e1cia AYA, s\u00eddlo a kore\u0161ponden\u010dn\u00e1 adresa: Karpatsk\u00e9 n\u00e1mestie 10A, 831 06 Bratislava-Ra\u010da, I\u010cO: 56283890, zap\u00edsan\u00e1: v registri mimovl\u00e1dnych neziskov\u00fdch organiz\u00e1ci\u00ed pod registra\u010dn\u00fdm \u010d\u00edslom 203\/Na-2002\/1306, Kontaktn\u00fd formul\u00e1r Kontaktn\u00e9 \u00fadaje E-mail ayanadacia@gmail.com Telef\u00f3n 00 421 952 211 861 Adresa Bojnick\u00e1 ul. 4916\/188, Bratislava Presn\u00fd popis toho, ako sa k n\u00e1m m\u00f4\u017eete [&hellip;]<\/p>","protected":false},"author":1,"featured_media":0,"parent":0,"menu_order":0,"comment_status":"closed","ping_status":"closed","template":"page-no-title","meta":{"_acf_changed":false,"ngg_post_thumbnail":0,"footnotes":""},"class_list":["post-146","page","type-page","status-publish","hentry"],"acf":[],"mb":[],"mfb_rest_fields":["title"],"_links":{"self":[{"href":"https:\/\/ayan.sk\/en\/wp-json\/wp\/v2\/pages\/146","targetHints":{"allow":["GET"]}}],"collection":[{"href":"https:\/\/ayan.sk\/en\/wp-json\/wp\/v2\/pages"}],"about":[{"href":"https:\/\/ayan.sk\/en\/wp-json\/wp\/v2\/types\/page"}],"author":[{"embeddable":true,"href":"https:\/\/ayan.sk\/en\/wp-json\/wp\/v2\/users\/1"}],"replies":[{"embeddable":true,"href":"https:\/\/ayan.sk\/en\/wp-json\/wp\/v2\/comments?post=146"}],"version-history":[{"count":31,"href":"https:\/\/ayan.sk\/en\/wp-json\/wp\/v2\/pages\/146\/revisions"}],"predecessor-version":[{"id":850,"href":"https:\/\/ayan.sk\/en\/wp-json\/wp\/v2\/pages\/146\/revisions\/850"}],"wp:attachment":[{"href":"https:\/\/ayan.sk\/en\/wp-json\/wp\/v2\/media?parent=146"}],"curies":[{"name":"wp","href":"https:\/\/api.w.org\/{rel}","templated":true}]}}